{"id":881,"date":"2021-02-13T12:35:58","date_gmt":"2021-02-13T11:35:58","guid":{"rendered":"http:\/\/www.collmon.it\/?post_type=product&#038;p=881"},"modified":"2025-06-23T15:50:39","modified_gmt":"2025-06-23T13:50:39","slug":"stucco-per-legno-bicomponente","status":"publish","type":"product","link":"https:\/\/www.collmon.it\/?product=stucco-per-legno-bicomponente","title":{"rendered":"STUCCO PER LEGNO BICOMPONENTE"},"content":{"rendered":"<p style=\"text-align: center\"><strong><a style=\"color: black\" href=\"https:\/\/www.collmon.it\/wp-content\/uploads\/2021\/02\/ST-S2K-STUCCO-PER-LEGNO-BICOMPONENTE.pdf\" target=\"_blank\" rel=\"noopener\">&gt;&gt; Visualizza la Scheda Tecnica &lt;&lt;<\/a><\/strong><\/p>\n<table>\n<thead style=\"background-color: #06bab2;color: white\">\n<tr>\n<td style=\"text-align: center;color: white\"><strong>CODICE<\/strong><\/td>\n<td style=\"text-align: center;color: white\"><strong>COLORE<\/strong><\/td>\n<td style=\"text-align: center;color: white\"><strong>CONFEZIONE<\/strong><\/td>\n<td style=\"text-align: center;color: white\"><strong>FORMATO<\/strong><\/td>\n<td style=\"text-align: center;color: white\"><strong>U.M.<\/strong><\/td>\n<td style=\"text-align: center;color: white\"><strong>PEZZI<\/strong><\/td>\n<td style=\"text-align: center;color: white\"><strong>EAN<\/strong><\/td>\n<\/tr>\n<\/thead>\n<tbody>\n<tr>\n<td style=\"text-align: center\">S2K125<\/td>\n<td style=\"text-align: center\">QUERCIA<\/td>\n<td style=\"text-align: center\">BARATTOLO<\/td>\n<td style=\"text-align: center\">125 ml<\/td>\n<td style=\"text-align: center\">pz<\/td>\n<td style=\"text-align: center\">18<\/td>\n<td style=\"text-align: center\">8018830501248<\/td>\n<\/tr>\n<tr>\n<td style=\"text-align: center\">S2K125<\/td>\n<td style=\"text-align: center\">NOCE<\/td>\n<td style=\"text-align: center\">BARATTOLO<\/td>\n<td style=\"text-align: center\">125 ml<\/td>\n<td style=\"text-align: center\">pz<\/td>\n<td style=\"text-align: center\">18<\/td>\n<td style=\"text-align: center\">8018830940023<\/td>\n<\/tr>\n<tr>\n<td style=\"text-align: center\">S2K125<\/td>\n<td style=\"text-align: center\">BIANCO<\/td>\n<td style=\"text-align: center\">BARATTOLO<\/td>\n<td style=\"text-align: center\">125 ml<\/td>\n<td style=\"text-align: center\">pz<\/td>\n<td style=\"text-align: center\">18<\/td>\n<td style=\"text-align: center\">8018830500241<\/td>\n<\/tr>\n<tr>\n<td style=\"text-align: center\">2SK125<\/td>\n<td style=\"text-align: center\">PINO<\/td>\n<td style=\"text-align: center\">BARATTOLO<\/td>\n<td style=\"text-align: center\">125 ml<\/td>\n<td style=\"text-align: center\">pz<\/td>\n<td style=\"text-align: center\">18<\/td>\n<td style=\"text-align: center\">8018831500265<\/td>\n<\/tr>\n<tr>\n<td style=\"text-align: center\">S2K750<\/td>\n<td style=\"text-align: center\">QUERCIA<\/td>\n<td style=\"text-align: center\">BARATTOLO<\/td>\n<td style=\"text-align: center\">750 ml<\/td>\n<td style=\"text-align: center\">pz<\/td>\n<td style=\"text-align: center\">12<\/td>\n<td style=\"text-align: center\">8018830501231<\/td>\n<\/tr>\n<tr>\n<td style=\"text-align: center\">S2K750<\/td>\n<td style=\"text-align: center\">NOCE<\/td>\n<td style=\"text-align: center\">BARATTOLO<\/td>\n<td style=\"text-align: center\">750 ml<\/td>\n<td style=\"text-align: center\">pz<\/td>\n<td style=\"text-align: center\">12<\/td>\n<td style=\"text-align: center\">8018831949916<\/td>\n<\/tr>\n<tr>\n<td style=\"text-align: center\">S2K750<\/td>\n<td style=\"text-align: center\">BIANCO<\/td>\n<td style=\"text-align: center\">BARATTOLO<\/td>\n<td style=\"text-align: center\">750 ml<\/td>\n<td style=\"text-align: center\">pz<\/td>\n<td style=\"text-align: center\">12<\/td>\n<td style=\"text-align: center\">8018830500258<\/td>\n<\/tr>\n<tr>\n<td style=\"text-align: center\">S2K750<\/td>\n<td style=\"text-align: center\">PINO<\/td>\n<td style=\"text-align: center\">BARATTOLO<\/td>\n<td style=\"text-align: center\">750 ml<\/td>\n<td style=\"text-align: center\">pz<\/td>\n<td style=\"text-align: center\">12<\/td>\n<td style=\"text-align: center\">8018830500272<\/td>\n<\/tr>\n<\/tbody>\n<\/table>\n","protected":false},"excerpt":{"rendered":"<style>\n.box {font-family: sans-serif!important;border: 2px solid gray!important; padding: 15px!important;}<br \/><\/style>\n<fieldset class=\"box\">\n<legend style=\"width: auto;margin-bottom: 0px;font-size: 12px;font-weight: bold;color: black\">Descrizione:<\/legend>\n<p><strong>Stucco per legno bicomponente<\/strong> adatto per fori pi\u00f9 grandi. Venduto in 4 colori: bianco, pino, quercia e noce. Elevata rapidit\u00e0 di essiccazione. Una volta indurito, si pu\u00f2 carteggiare, forare e levigare.<\/fieldset>\n","protected":false},"featured_media":1094,"template":"","meta":{"neve_meta_sidebar":"","neve_meta_container":"","neve_meta_enable_content_width":"off","neve_meta_content_width":0,"neve_meta_title_alignment":"","neve_meta_author_avatar":"","neve_post_elements_order":"","neve_meta_disable_header":"","neve_meta_disable_footer":"","neve_meta_disable_title":""},"class_list":{"0":"post-881","1":"product","2":"type-product","3":"status-publish","4":"has-post-thumbnail","6":"product_cat-collmon","8":"first","9":"instock","10":"shipping-taxable","11":"product-type-simple"},"yoast_head":"<!-- This site is optimized with the Yoast SEO plugin v16.1.1 - https:\/\/yoast.com\/wordpress\/plugins\/seo\/ -->\n<title>STUCCO PER LEGNO BICOMPONENTE - Collmon S.R.L.<\/title>\n<link rel=\"canonical\" href=\"https:\/\/www.collmon.it\/?product=stucco-per-legno-bicomponente\" \/>\n<meta property=\"og:locale\" content=\"it_IT\" \/>\n<meta property=\"og:type\" content=\"article\" \/>\n<meta property=\"og:title\" content=\"STUCCO PER LEGNO BICOMPONENTE - Collmon S.R.L.\" \/>\n<meta property=\"og:description\" content=\"Descrizione:Stucco per legno bicomponente adatto per fori pi\u00f9 grandi. Venduto in 4 colori: bianco, pino, quercia e noce. Elevata rapidit\u00e0 di essiccazione. Una volta indurito, si pu\u00f2 carteggiare, forare e levigare.\" \/>\n<meta property=\"og:url\" content=\"https:\/\/www.collmon.it\/?product=stucco-per-legno-bicomponente\" \/>\n<meta property=\"og:site_name\" content=\"Collmon S.R.L.\" \/>\n<meta property=\"article:modified_time\" content=\"2025-06-23T13:50:39+00:00\" \/>\n<meta property=\"og:image\" content=\"https:\/\/www.collmon.it\/wp-content\/uploads\/2021\/02\/0095_StuccoPerLegno.png\" \/>\n\t<meta property=\"og:image:width\" content=\"1455\" \/>\n\t<meta property=\"og:image:height\" content=\"1455\" \/>\n<meta name=\"twitter:card\" content=\"summary_large_image\" \/>\n<script type=\"application\/ld+json\" class=\"yoast-schema-graph\">{\"@context\":\"https:\/\/schema.org\",\"@graph\":[{\"@type\":\"WebSite\",\"@id\":\"https:\/\/www.collmon.it\/#website\",\"url\":\"https:\/\/www.collmon.it\/\",\"name\":\"Collmon S.R.L.\",\"description\":\"Adesivi e prodotti chimici\",\"potentialAction\":[{\"@type\":\"SearchAction\",\"target\":\"https:\/\/www.collmon.it\/?s={search_term_string}\",\"query-input\":\"required name=search_term_string\"}],\"inLanguage\":\"it-IT\"},{\"@type\":\"ImageObject\",\"@id\":\"https:\/\/www.collmon.it\/?product=stucco-per-legno-bicomponente#primaryimage\",\"inLanguage\":\"it-IT\",\"url\":\"https:\/\/www.collmon.it\/wp-content\/uploads\/2021\/02\/0095_StuccoPerLegno.png\",\"contentUrl\":\"https:\/\/www.collmon.it\/wp-content\/uploads\/2021\/02\/0095_StuccoPerLegno.png\",\"width\":1455,\"height\":1455},{\"@type\":\"WebPage\",\"@id\":\"https:\/\/www.collmon.it\/?product=stucco-per-legno-bicomponente#webpage\",\"url\":\"https:\/\/www.collmon.it\/?product=stucco-per-legno-bicomponente\",\"name\":\"STUCCO PER LEGNO BICOMPONENTE - Collmon S.R.L.\",\"isPartOf\":{\"@id\":\"https:\/\/www.collmon.it\/#website\"},\"primaryImageOfPage\":{\"@id\":\"https:\/\/www.collmon.it\/?product=stucco-per-legno-bicomponente#primaryimage\"},\"datePublished\":\"2021-02-13T11:35:58+00:00\",\"dateModified\":\"2025-06-23T13:50:39+00:00\",\"breadcrumb\":{\"@id\":\"https:\/\/www.collmon.it\/?product=stucco-per-legno-bicomponente#breadcrumb\"},\"inLanguage\":\"it-IT\",\"potentialAction\":[{\"@type\":\"ReadAction\",\"target\":[\"https:\/\/www.collmon.it\/?product=stucco-per-legno-bicomponente\"]}]},{\"@type\":\"BreadcrumbList\",\"@id\":\"https:\/\/www.collmon.it\/?product=stucco-per-legno-bicomponente#breadcrumb\",\"itemListElement\":[{\"@type\":\"ListItem\",\"position\":1,\"item\":{\"@type\":\"WebPage\",\"@id\":\"https:\/\/www.collmon.it\/\",\"url\":\"https:\/\/www.collmon.it\/\",\"name\":\"Home\"}},{\"@type\":\"ListItem\",\"position\":2,\"item\":{\"@type\":\"WebPage\",\"@id\":\"https:\/\/www.collmon.it\/?page_id=205\",\"url\":\"https:\/\/www.collmon.it\/?page_id=205\",\"name\":\"Shop\"}},{\"@type\":\"ListItem\",\"position\":3,\"item\":{\"@type\":\"WebPage\",\"@id\":\"https:\/\/www.collmon.it\/?product=stucco-per-legno-bicomponente\",\"url\":\"https:\/\/www.collmon.it\/?product=stucco-per-legno-bicomponente\",\"name\":\"STUCCO PER LEGNO BICOMPONENTE\"}}]}]}<\/script>\n<!-- \/ Yoast SEO plugin. -->","_links":{"self":[{"href":"https:\/\/www.collmon.it\/index.php?rest_route=\/wp\/v2\/product\/881"}],"collection":[{"href":"https:\/\/www.collmon.it\/index.php?rest_route=\/wp\/v2\/product"}],"about":[{"href":"https:\/\/www.collmon.it\/index.php?rest_route=\/wp\/v2\/types\/product"}],"wp:featuredmedia":[{"embeddable":true,"href":"https:\/\/www.collmon.it\/index.php?rest_route=\/wp\/v2\/media\/1094"}],"wp:attachment":[{"href":"https:\/\/www.collmon.it\/index.php?rest_route=%2Fwp%2Fv2%2Fmedia&parent=881"}],"curies":[{"name":"wp","href":"https:\/\/api.w.org\/{rel}","templated":true}]}}