{"id":731,"date":"2021-01-22T11:41:40","date_gmt":"2021-01-22T10:41:40","guid":{"rendered":"http:\/\/www.collmon.it\/?post_type=product&#038;p=731"},"modified":"2026-04-15T11:06:50","modified_gmt":"2026-04-15T09:06:50","slug":"cinoacrilato-professionale","status":"publish","type":"product","link":"https:\/\/www.collmon.it\/?product=cinoacrilato-professionale","title":{"rendered":"CIANOACRILATO PROFESSIONALE"},"content":{"rendered":"<table>\n<thead style=\"background-color: #6495ed\">\n<tr>\n<td style=\"text-align: center;color: white\"><strong>CODICE<\/strong><\/td>\n<td style=\"text-align: center;color: white\"><strong>COLORE<\/strong><\/td>\n<td style=\"text-align: center;color: white\"><strong>CONFEZIONE<\/strong><\/td>\n<td style=\"text-align: center;color: white\"><strong>FORMATO<\/strong><\/td>\n<td style=\"text-align: center;color: white\"><strong>U.M.<\/strong><\/td>\n<td style=\"text-align: center;color: white\"><strong>PEZZI<\/strong><\/td>\n<td style=\"text-align: center;color: white\"><strong>EAN<\/strong><\/td>\n<\/tr>\n<\/thead>\n<tbody>\n<tr>\n<td style=\"text-align: center\">C20\/20<\/td>\n<td style=\"text-align: center\">TRASPARENTE<\/td>\n<td style=\"text-align: center\">FLACONE<\/td>\n<td style=\"text-align: center\">20 g<\/td>\n<td style=\"text-align: center\">pz<\/td>\n<td style=\"text-align: center\">20<\/td>\n<td style=\"text-align: center\">4007089031587<\/td>\n<\/tr>\n<\/tbody>\n<\/table>\n","protected":false},"excerpt":{"rendered":"<style>\n.box {font-family: sans-serif!important;border: 2px solid gray!important; padding: 15px!important;}<br \/><\/style>\n<fieldset class=\"box\">\n<legend style=\"width: auto;margin-bottom: 0px;font-size: 12px;font-weight: bold;color: black\">Descrizione:<\/legend>\n<p>Adesivo cianoacrilato istantaneo professionale. Incolla istantaneamente vetro, metallo, gomma, ceramica, plexiglas, marmo, PVC, plastiche di vario genere. Dispone di quattro diversi tipi e viscosit\u00e0.<br \/>\n<strong>Utilizzo:<\/strong><br \/>\nV20 &#8211; Per gomme sintetiche EPDM, DUTRAL, SBR a bassa viscosit\u00e0.<br \/>\nV40 &#8211; Universale, aderisce sulla quasi totalit\u00e0 dei supporti, a bassa viscosit\u00e0.<br \/>\nV100 &#8211; Per materiali plastici: gomme naturali, PVC, ABS, polistirolo rigido, a media viscosit\u00e0.<br \/>\nV1500 &#8211; Per supporti porosi: legni duri, cuoio, feltri ad alta viscosit\u00e0.<\/fieldset>\n","protected":false},"featured_media":2099,"template":"","meta":{"neve_meta_sidebar":"","neve_meta_container":"","neve_meta_enable_content_width":"off","neve_meta_content_width":0,"neve_meta_title_alignment":"","neve_meta_author_avatar":"","neve_post_elements_order":"","neve_meta_disable_header":"","neve_meta_disable_footer":"","neve_meta_disable_title":""},"class_list":{"0":"post-731","1":"product","2":"type-product","3":"status-publish","4":"has-post-thumbnail","6":"product_cat-bindulin","8":"first","9":"instock","10":"shipping-taxable","11":"product-type-simple"},"yoast_head":"<!-- This site is optimized with the Yoast SEO plugin v16.1.1 - https:\/\/yoast.com\/wordpress\/plugins\/seo\/ -->\n<title>CIANOACRILATO PROFESSIONALE - Collmon S.R.L.<\/title>\n<link rel=\"canonical\" href=\"https:\/\/www.collmon.it\/?product=cinoacrilato-professionale\" \/>\n<meta property=\"og:locale\" content=\"it_IT\" \/>\n<meta property=\"og:type\" content=\"article\" \/>\n<meta property=\"og:title\" content=\"CIANOACRILATO PROFESSIONALE - Collmon S.R.L.\" \/>\n<meta property=\"og:description\" content=\"Descrizione:Adesivo cianoacrilato istantaneo professionale. Incolla istantaneamente vetro, metallo, gomma, ceramica, plexiglas, marmo, PVC, plastiche di vario genere. Dispone di quattro diversi tipi e viscosit\u00e0. Utilizzo: V20 - Per gomme sintetiche EPDM, DUTRAL, SBR a bassa viscosit\u00e0. V40 - Universale, aderisce sulla quasi totalit\u00e0 dei supporti, a bassa viscosit\u00e0. V100 - Per materiali plastici: gomme naturali, PVC, ABS, polistirolo rigido, a media viscosit\u00e0. V1500 - Per supporti porosi: legni duri, cuoio, feltri ad alta viscosit\u00e0.\" \/>\n<meta property=\"og:url\" content=\"https:\/\/www.collmon.it\/?product=cinoacrilato-professionale\" \/>\n<meta property=\"og:site_name\" content=\"Collmon S.R.L.\" \/>\n<meta property=\"article:modified_time\" content=\"2026-04-15T09:06:50+00:00\" \/>\n<meta property=\"og:image\" content=\"https:\/\/www.collmon.it\/wp-content\/uploads\/2021\/01\/ciano.png\" \/>\n\t<meta property=\"og:image:width\" content=\"900\" \/>\n\t<meta property=\"og:image:height\" content=\"900\" \/>\n<meta name=\"twitter:card\" content=\"summary_large_image\" \/>\n<script type=\"application\/ld+json\" class=\"yoast-schema-graph\">{\"@context\":\"https:\/\/schema.org\",\"@graph\":[{\"@type\":\"WebSite\",\"@id\":\"https:\/\/www.collmon.it\/#website\",\"url\":\"https:\/\/www.collmon.it\/\",\"name\":\"Collmon S.R.L.\",\"description\":\"Adesivi e prodotti chimici\",\"potentialAction\":[{\"@type\":\"SearchAction\",\"target\":\"https:\/\/www.collmon.it\/?s={search_term_string}\",\"query-input\":\"required name=search_term_string\"}],\"inLanguage\":\"it-IT\"},{\"@type\":\"ImageObject\",\"@id\":\"https:\/\/www.collmon.it\/?product=cinoacrilato-professionale#primaryimage\",\"inLanguage\":\"it-IT\",\"url\":\"https:\/\/www.collmon.it\/wp-content\/uploads\/2021\/01\/ciano.png\",\"contentUrl\":\"https:\/\/www.collmon.it\/wp-content\/uploads\/2021\/01\/ciano.png\",\"width\":900,\"height\":900},{\"@type\":\"WebPage\",\"@id\":\"https:\/\/www.collmon.it\/?product=cinoacrilato-professionale#webpage\",\"url\":\"https:\/\/www.collmon.it\/?product=cinoacrilato-professionale\",\"name\":\"CIANOACRILATO PROFESSIONALE - Collmon S.R.L.\",\"isPartOf\":{\"@id\":\"https:\/\/www.collmon.it\/#website\"},\"primaryImageOfPage\":{\"@id\":\"https:\/\/www.collmon.it\/?product=cinoacrilato-professionale#primaryimage\"},\"datePublished\":\"2021-01-22T10:41:40+00:00\",\"dateModified\":\"2026-04-15T09:06:50+00:00\",\"breadcrumb\":{\"@id\":\"https:\/\/www.collmon.it\/?product=cinoacrilato-professionale#breadcrumb\"},\"inLanguage\":\"it-IT\",\"potentialAction\":[{\"@type\":\"ReadAction\",\"target\":[\"https:\/\/www.collmon.it\/?product=cinoacrilato-professionale\"]}]},{\"@type\":\"BreadcrumbList\",\"@id\":\"https:\/\/www.collmon.it\/?product=cinoacrilato-professionale#breadcrumb\",\"itemListElement\":[{\"@type\":\"ListItem\",\"position\":1,\"item\":{\"@type\":\"WebPage\",\"@id\":\"https:\/\/www.collmon.it\/\",\"url\":\"https:\/\/www.collmon.it\/\",\"name\":\"Home\"}},{\"@type\":\"ListItem\",\"position\":2,\"item\":{\"@type\":\"WebPage\",\"@id\":\"https:\/\/www.collmon.it\/?page_id=205\",\"url\":\"https:\/\/www.collmon.it\/?page_id=205\",\"name\":\"Shop\"}},{\"@type\":\"ListItem\",\"position\":3,\"item\":{\"@type\":\"WebPage\",\"@id\":\"https:\/\/www.collmon.it\/?product=cinoacrilato-professionale\",\"url\":\"https:\/\/www.collmon.it\/?product=cinoacrilato-professionale\",\"name\":\"CIANOACRILATO PROFESSIONALE\"}}]}]}<\/script>\n<!-- \/ Yoast SEO plugin. -->","_links":{"self":[{"href":"https:\/\/www.collmon.it\/index.php?rest_route=\/wp\/v2\/product\/731"}],"collection":[{"href":"https:\/\/www.collmon.it\/index.php?rest_route=\/wp\/v2\/product"}],"about":[{"href":"https:\/\/www.collmon.it\/index.php?rest_route=\/wp\/v2\/types\/product"}],"wp:featuredmedia":[{"embeddable":true,"href":"https:\/\/www.collmon.it\/index.php?rest_route=\/wp\/v2\/media\/2099"}],"wp:attachment":[{"href":"https:\/\/www.collmon.it\/index.php?rest_route=%2Fwp%2Fv2%2Fmedia&parent=731"}],"curies":[{"name":"wp","href":"https:\/\/api.w.org\/{rel}","templated":true}]}}