{"id":654,"date":"2021-01-06T21:14:53","date_gmt":"2021-01-06T20:14:53","guid":{"rendered":"http:\/\/www.collmon.it\/?post_type=product&#038;p=654"},"modified":"2025-06-10T16:46:53","modified_gmt":"2025-06-10T14:46:53","slug":"bindan-pu-b4-d4","status":"publish","type":"product","link":"https:\/\/www.collmon.it\/?product=bindan-pu-b4-d4","title":{"rendered":"BINDAN-PU B4\/D4"},"content":{"rendered":"<p style=\"text-align: center\"><strong><a style=\"color: black\" href=\"http:\/\/www.collmon.it\/wp-content\/uploads\/2021\/04\/BINDAN-PU_TECN.pdf\" target=\"_blank\" rel=\"noopener\">&gt;&gt; Visualizza la Scheda Tecnica &lt;&lt;<\/a><\/strong><\/p>\n<table>\n<thead style=\"background-color: #6495ed\">\n<tr>\n<td style=\"text-align: center;color: white\"><strong>CODICE<\/strong><\/td>\n<td style=\"text-align: center;color: white\"><strong>COLORE<\/strong><\/td>\n<td style=\"text-align: center;color: white\"><strong>CONFEZIONE<\/strong><\/td>\n<td style=\"text-align: center;color: white\"><strong>FORMATO<\/strong><\/td>\n<td style=\"text-align: center;color: white\"><strong>U.M.<\/strong><\/td>\n<td style=\"text-align: center;color: white\"><strong>PEZZI<\/strong><\/td>\n<td style=\"text-align: center;color: white\"><strong>EAN<\/strong><\/td>\n<\/tr>\n<\/thead>\n<tbody>\n<tr>\n<td style=\"text-align: center\">NPU60B<\/td>\n<td style=\"text-align: center\">BEIGE<\/td>\n<td style=\"text-align: center\">FLACONE<\/td>\n<td style=\"text-align: center\">600 g<\/td>\n<td style=\"text-align: center\">pz<\/td>\n<td style=\"text-align: center\">6<\/td>\n<td style=\"text-align: center\">4007089024459<\/td>\n<\/tr>\n<tr>\n<td style=\"text-align: center\">NPU11B<\/td>\n<td style=\"text-align: center\">BEIGE<\/td>\n<td style=\"text-align: center\">FLACONE<\/td>\n<td style=\"text-align: center\">1100 g<\/td>\n<td style=\"text-align: center\">pz<\/td>\n<td style=\"text-align: center\">6<\/td>\n<td style=\"text-align: center\">4007089031228<\/td>\n<\/tr>\n<tr>\n<td style=\"text-align: center\">PU5KB<\/td>\n<td style=\"text-align: center\">BEIGE<\/td>\n<td style=\"text-align: center\">LATTA<\/td>\n<td style=\"text-align: center\">5 kg<\/td>\n<td style=\"text-align: center\">kg<\/td>\n<td style=\"text-align: center\">1<\/td>\n<td style=\"text-align: center\">4007089005380<\/td>\n<\/tr>\n<\/tbody>\n<\/table>\n","protected":false},"excerpt":{"rendered":"<style>\n.box {font-family: sans-serif!important;border: 2px solid gray!important; padding: 15px!important;}<br \/><\/style>\n<fieldset class=\"box\">\n<legend style=\"width: auto;margin-bottom: 0px;font-size: 12px;font-weight: bold;color: black\">Descrizione:<\/legend>\n<p><strong>Bindan PU<\/strong> \u00e8 un adesivo poliuretanico monocomponente senza solventi a presa rapida, resistente all&#8217;acqua, agli agenti atmosferici e al calore (150\u00b0C). <strong>Bindan PU<\/strong> \u00e8 igroindurente (reattiva con l&#8217;umidit\u00e0), ottima per incollaggio di legno umido e ad alto contenuto di resina, riempie spazi e fughe da incollare.<br \/>\n<strong>Bindan PU<\/strong> \u00e8 consigliata per incollaggio di legno sottoposto a forti tensioni, incollaggio di materiali diversi: legno-metallo, pannelli sandwich, poliuretano espanso, legno contenente tannino (castagno, rovere), architravi. <strong>Bindan PU<\/strong> permette di incollare anche a basse temperature (0\u00b0C).<\/p>\n<p><strong>Tempo aperto:<\/strong> 15 minuti con temperatura di 20\u00b0C circa.<\/fieldset>\n","protected":false},"featured_media":1183,"template":"","meta":{"neve_meta_sidebar":"","neve_meta_container":"","neve_meta_enable_content_width":"off","neve_meta_content_width":0,"neve_meta_title_alignment":"","neve_meta_author_avatar":"","neve_post_elements_order":"","neve_meta_disable_header":"","neve_meta_disable_footer":"","neve_meta_disable_title":""},"class_list":{"0":"post-654","1":"product","2":"type-product","3":"status-publish","4":"has-post-thumbnail","6":"product_cat-bindulin","8":"first","9":"instock","10":"shipping-taxable","11":"product-type-simple"},"yoast_head":"<!-- This site is optimized with the Yoast SEO plugin v16.1.1 - https:\/\/yoast.com\/wordpress\/plugins\/seo\/ -->\n<title>BINDAN-PU B4\/D4 - Collmon S.R.L.<\/title>\n<link rel=\"canonical\" href=\"https:\/\/www.collmon.it\/?product=bindan-pu-b4-d4\" \/>\n<meta property=\"og:locale\" content=\"it_IT\" \/>\n<meta property=\"og:type\" content=\"article\" \/>\n<meta property=\"og:title\" content=\"BINDAN-PU B4\/D4 - Collmon S.R.L.\" \/>\n<meta property=\"og:description\" content=\"Descrizione:Bindan PU \u00e8 un adesivo poliuretanico monocomponente senza solventi a presa rapida, resistente all&#039;acqua, agli agenti atmosferici e al calore (150\u00b0C). Bindan PU \u00e8 igroindurente (reattiva con l&#039;umidit\u00e0), ottima per incollaggio di legno umido e ad alto contenuto di resina, riempie spazi e fughe da incollare. Bindan PU \u00e8 consigliata per incollaggio di legno sottoposto a forti tensioni, incollaggio di materiali diversi: legno-metallo, pannelli sandwich, poliuretano espanso, legno contenente tannino (castagno, rovere), architravi. Bindan PU permette di incollare anche a basse temperature (0\u00b0C).  Tempo aperto: 15 minuti con temperatura di 20\u00b0C circa.\" \/>\n<meta property=\"og:url\" content=\"https:\/\/www.collmon.it\/?product=bindan-pu-b4-d4\" \/>\n<meta property=\"og:site_name\" content=\"Collmon S.R.L.\" \/>\n<meta property=\"article:modified_time\" content=\"2025-06-10T14:46:53+00:00\" \/>\n<meta property=\"og:image\" content=\"https:\/\/www.collmon.it\/wp-content\/uploads\/2021\/01\/0016_BindanPU-1024x1024.png\" \/>\n\t<meta property=\"og:image:width\" content=\"1024\" \/>\n\t<meta property=\"og:image:height\" content=\"1024\" \/>\n<meta name=\"twitter:card\" content=\"summary_large_image\" \/>\n<script type=\"application\/ld+json\" class=\"yoast-schema-graph\">{\"@context\":\"https:\/\/schema.org\",\"@graph\":[{\"@type\":\"WebSite\",\"@id\":\"https:\/\/www.collmon.it\/#website\",\"url\":\"https:\/\/www.collmon.it\/\",\"name\":\"Collmon S.R.L.\",\"description\":\"Adesivi e prodotti chimici\",\"potentialAction\":[{\"@type\":\"SearchAction\",\"target\":\"https:\/\/www.collmon.it\/?s={search_term_string}\",\"query-input\":\"required name=search_term_string\"}],\"inLanguage\":\"it-IT\"},{\"@type\":\"ImageObject\",\"@id\":\"https:\/\/www.collmon.it\/?product=bindan-pu-b4-d4#primaryimage\",\"inLanguage\":\"it-IT\",\"url\":\"https:\/\/www.collmon.it\/wp-content\/uploads\/2021\/01\/0016_BindanPU.png\",\"contentUrl\":\"https:\/\/www.collmon.it\/wp-content\/uploads\/2021\/01\/0016_BindanPU.png\",\"width\":2300,\"height\":2300},{\"@type\":\"WebPage\",\"@id\":\"https:\/\/www.collmon.it\/?product=bindan-pu-b4-d4#webpage\",\"url\":\"https:\/\/www.collmon.it\/?product=bindan-pu-b4-d4\",\"name\":\"BINDAN-PU B4\/D4 - Collmon S.R.L.\",\"isPartOf\":{\"@id\":\"https:\/\/www.collmon.it\/#website\"},\"primaryImageOfPage\":{\"@id\":\"https:\/\/www.collmon.it\/?product=bindan-pu-b4-d4#primaryimage\"},\"datePublished\":\"2021-01-06T20:14:53+00:00\",\"dateModified\":\"2025-06-10T14:46:53+00:00\",\"breadcrumb\":{\"@id\":\"https:\/\/www.collmon.it\/?product=bindan-pu-b4-d4#breadcrumb\"},\"inLanguage\":\"it-IT\",\"potentialAction\":[{\"@type\":\"ReadAction\",\"target\":[\"https:\/\/www.collmon.it\/?product=bindan-pu-b4-d4\"]}]},{\"@type\":\"BreadcrumbList\",\"@id\":\"https:\/\/www.collmon.it\/?product=bindan-pu-b4-d4#breadcrumb\",\"itemListElement\":[{\"@type\":\"ListItem\",\"position\":1,\"item\":{\"@type\":\"WebPage\",\"@id\":\"https:\/\/www.collmon.it\/\",\"url\":\"https:\/\/www.collmon.it\/\",\"name\":\"Home\"}},{\"@type\":\"ListItem\",\"position\":2,\"item\":{\"@type\":\"WebPage\",\"@id\":\"https:\/\/www.collmon.it\/?page_id=205\",\"url\":\"https:\/\/www.collmon.it\/?page_id=205\",\"name\":\"Shop\"}},{\"@type\":\"ListItem\",\"position\":3,\"item\":{\"@type\":\"WebPage\",\"@id\":\"https:\/\/www.collmon.it\/?product=bindan-pu-b4-d4\",\"url\":\"https:\/\/www.collmon.it\/?product=bindan-pu-b4-d4\",\"name\":\"BINDAN-PU B4\/D4\"}}]}]}<\/script>\n<!-- \/ Yoast SEO plugin. -->","_links":{"self":[{"href":"https:\/\/www.collmon.it\/index.php?rest_route=\/wp\/v2\/product\/654"}],"collection":[{"href":"https:\/\/www.collmon.it\/index.php?rest_route=\/wp\/v2\/product"}],"about":[{"href":"https:\/\/www.collmon.it\/index.php?rest_route=\/wp\/v2\/types\/product"}],"wp:featuredmedia":[{"embeddable":true,"href":"https:\/\/www.collmon.it\/index.php?rest_route=\/wp\/v2\/media\/1183"}],"wp:attachment":[{"href":"https:\/\/www.collmon.it\/index.php?rest_route=%2Fwp%2Fv2%2Fmedia&parent=654"}],"curies":[{"name":"wp","href":"https:\/\/api.w.org\/{rel}","templated":true}]}}