{"id":634,"date":"2021-01-06T19:46:49","date_gmt":"2021-01-06T18:46:49","guid":{"rendered":"http:\/\/www.collmon.it\/?post_type=product&#038;p=634"},"modified":"2025-09-11T15:33:02","modified_gmt":"2025-09-11T13:33:02","slug":"bindan-fl-d3","status":"publish","type":"product","link":"https:\/\/www.collmon.it\/?product=bindan-fl-d3","title":{"rendered":"BINDAN-FL D3"},"content":{"rendered":"<p style=\"text-align: center\"><strong><a style=\"color: black\" href=\"http:\/\/www.collmon.it\/wp-content\/uploads\/2021\/04\/BFL_TM__IT_01-D3.pdf\" target=\"_blank\" rel=\"noopener\">&gt;&gt; Visualizza la Scheda Tecnica &lt;&lt;<\/a><\/strong><\/p>\n<table>\n<thead style=\"background-color: #6495ed\">\n<tr>\n<td style=\"text-align: center;color: white\"><strong>CODICE<\/strong><\/td>\n<td style=\"text-align: center;color: white\"><strong>COLORE<\/strong><\/td>\n<td style=\"text-align: center;color: white\"><strong>CONFEZIONE<\/strong><\/td>\n<td style=\"text-align: center;color: white\"><strong>FORMATO<\/strong><\/td>\n<td style=\"text-align: center;color: white\"><strong>U.M.<\/strong><\/td>\n<td style=\"text-align: center;color: white\"><strong>PEZZI<\/strong><\/td>\n<td style=\"text-align: center;color: white\"><strong>EAN<\/strong><\/td>\n<\/tr>\n<\/thead>\n<tbody>\n<tr>\n<td style=\"text-align: center\">BFL80<\/td>\n<td style=\"text-align: center\">BIANCO<\/td>\n<td style=\"text-align: center\">BARATTOLO<\/td>\n<td style=\"text-align: center\">800 g<\/td>\n<td style=\"text-align: center\">pz<\/td>\n<td style=\"text-align: center\">6<\/td>\n<td style=\"text-align: center\">4007089005335<\/td>\n<\/tr>\n<tr>\n<td style=\"text-align: center\">BFL5<\/td>\n<td style=\"text-align: center\">BIANCO<\/td>\n<td style=\"text-align: center\">SECCHIELLO<\/td>\n<td style=\"text-align: center\">5 kg<\/td>\n<td style=\"text-align: center\">kg<\/td>\n<td style=\"text-align: center\">1<\/td>\n<td style=\"text-align: center\">4007089029105<\/td>\n<\/tr>\n<tr>\n<td style=\"text-align: center\">BFL10<\/td>\n<td style=\"text-align: center\">BIANCO<\/td>\n<td style=\"text-align: center\">SECCHIELLO<\/td>\n<td style=\"text-align: center\">10 kg<\/td>\n<td style=\"text-align: center\">kg<\/td>\n<td style=\"text-align: center\">1<\/td>\n<td style=\"text-align: center\">4007089028112<\/td>\n<\/tr>\n<tr>\n<td style=\"text-align: center\">BFL25<\/td>\n<td style=\"text-align: center\">BIANCO<\/td>\n<td style=\"text-align: center\">FUSTO<\/td>\n<td style=\"text-align: center\">25 kg<\/td>\n<td style=\"text-align: center\">kg<\/td>\n<td style=\"text-align: center\">1<\/td>\n<td style=\"text-align: center\">4007089029768<\/td>\n<\/tr>\n<tr>\n<td style=\"text-align: center\">BFL120<\/td>\n<td style=\"text-align: center\">BIANCO<\/td>\n<td style=\"text-align: center\">FUSTO<\/td>\n<td style=\"text-align: center\">120 kg<\/td>\n<td style=\"text-align: center\">kg<\/td>\n<td style=\"text-align: center\">1<\/td>\n<td style=\"text-align: center\">4007089014153<\/td>\n<\/tr>\n<\/tbody>\n<\/table>\n","protected":false},"excerpt":{"rendered":"<style>\n.box {font-family: sans-serif!important;border: 2px solid gray!important; padding: 15px!important;}<br \/><\/style>\n<fieldset class=\"box\">\n<legend style=\"width: auto;margin-bottom: 0px;font-size: 12px;font-weight: bold;color: black\">Descrizione:<\/legend>\n<p>Colla vinilica specifica per impiallacciature. Senza solventi, senza formaldeide. Pronto all&#8217;uso. A differenza delle colle viniliche termoplastiche, con l&#8217;aggiunta di calore (minimo 50\u00b0C, massimo 90\u00b0C) forma una pellicola dura non elastica, che &#8220;blocca &#8221; l&#8217;impiallacciatura. <strong>Bindan FL<\/strong> contiene una sostanza che impedisce l&#8217;affioramento della colla, rendendola idonea per tranciati molto sottili e porosi. Presente un tempo aperto abbastanza lungo, circa 15 minuti a 20\u00b0C, cos\u00ec da poter essere utilizzata anche su grandi superfici. <strong>Bindan FL<\/strong> si pu\u00f2 usare come alternativa alle colle Ureiche.<br \/>\n<strong>Immagazzinaggio:<\/strong> 12 mesi<br \/>\n<strong>BINDAN FL \u00c8 ANTIFIAMMA : IMO Codice FTP parte 5<\/strong><\/fieldset>\n","protected":false},"featured_media":1909,"template":"","meta":{"neve_meta_sidebar":"","neve_meta_container":"","neve_meta_enable_content_width":"off","neve_meta_content_width":0,"neve_meta_title_alignment":"","neve_meta_author_avatar":"","neve_post_elements_order":"","neve_meta_disable_header":"","neve_meta_disable_footer":"","neve_meta_disable_title":""},"class_list":{"0":"post-634","1":"product","2":"type-product","3":"status-publish","4":"has-post-thumbnail","6":"product_cat-bindulin","8":"first","9":"instock","10":"shipping-taxable","11":"product-type-simple"},"yoast_head":"<!-- This site is optimized with the Yoast SEO plugin v16.1.1 - https:\/\/yoast.com\/wordpress\/plugins\/seo\/ -->\n<title>BINDAN-FL D3 - Collmon S.R.L.<\/title>\n<link rel=\"canonical\" href=\"https:\/\/www.collmon.it\/?product=bindan-fl-d3\" \/>\n<meta property=\"og:locale\" content=\"it_IT\" \/>\n<meta property=\"og:type\" content=\"article\" \/>\n<meta property=\"og:title\" content=\"BINDAN-FL D3 - Collmon S.R.L.\" \/>\n<meta property=\"og:description\" content=\"Descrizione:Colla vinilica specifica per impiallacciature. Senza solventi, senza formaldeide. Pronto all&#039;uso. A differenza delle colle viniliche termoplastiche, con l&#039;aggiunta di calore (minimo 50\u00b0C, massimo 90\u00b0C) forma una pellicola dura non elastica, che &quot;blocca &quot; l&#039;impiallacciatura. Bindan FL contiene una sostanza che impedisce l&#039;affioramento della colla, rendendola idonea per tranciati molto sottili e porosi. Presente un tempo aperto abbastanza lungo, circa 15 minuti a 20\u00b0C, cos\u00ec da poter essere utilizzata anche su grandi superfici. Bindan FL si pu\u00f2 usare come alternativa alle colle Ureiche. Immagazzinaggio: 12 mesi BINDAN FL \u00c8 ANTIFIAMMA : IMO Codice FTP parte 5\" \/>\n<meta property=\"og:url\" content=\"https:\/\/www.collmon.it\/?product=bindan-fl-d3\" \/>\n<meta property=\"og:site_name\" content=\"Collmon S.R.L.\" \/>\n<meta property=\"article:modified_time\" content=\"2025-09-11T13:33:02+00:00\" \/>\n<meta property=\"og:image\" content=\"https:\/\/www.collmon.it\/wp-content\/uploads\/2021\/01\/Bindan_FL_10KG_new-e1646061094148.png\" \/>\n\t<meta property=\"og:image:width\" content=\"1100\" \/>\n\t<meta property=\"og:image:height\" content=\"1100\" \/>\n<meta name=\"twitter:card\" content=\"summary_large_image\" \/>\n<script type=\"application\/ld+json\" class=\"yoast-schema-graph\">{\"@context\":\"https:\/\/schema.org\",\"@graph\":[{\"@type\":\"WebSite\",\"@id\":\"https:\/\/www.collmon.it\/#website\",\"url\":\"https:\/\/www.collmon.it\/\",\"name\":\"Collmon S.R.L.\",\"description\":\"Adesivi e prodotti chimici\",\"potentialAction\":[{\"@type\":\"SearchAction\",\"target\":\"https:\/\/www.collmon.it\/?s={search_term_string}\",\"query-input\":\"required name=search_term_string\"}],\"inLanguage\":\"it-IT\"},{\"@type\":\"ImageObject\",\"@id\":\"https:\/\/www.collmon.it\/?product=bindan-fl-d3#primaryimage\",\"inLanguage\":\"it-IT\",\"url\":\"https:\/\/www.collmon.it\/wp-content\/uploads\/2021\/01\/Bindan_FL_10KG_new-e1646061094148.png\",\"contentUrl\":\"https:\/\/www.collmon.it\/wp-content\/uploads\/2021\/01\/Bindan_FL_10KG_new-e1646061094148.png\",\"width\":1100,\"height\":1100},{\"@type\":\"WebPage\",\"@id\":\"https:\/\/www.collmon.it\/?product=bindan-fl-d3#webpage\",\"url\":\"https:\/\/www.collmon.it\/?product=bindan-fl-d3\",\"name\":\"BINDAN-FL D3 - Collmon S.R.L.\",\"isPartOf\":{\"@id\":\"https:\/\/www.collmon.it\/#website\"},\"primaryImageOfPage\":{\"@id\":\"https:\/\/www.collmon.it\/?product=bindan-fl-d3#primaryimage\"},\"datePublished\":\"2021-01-06T18:46:49+00:00\",\"dateModified\":\"2025-09-11T13:33:02+00:00\",\"breadcrumb\":{\"@id\":\"https:\/\/www.collmon.it\/?product=bindan-fl-d3#breadcrumb\"},\"inLanguage\":\"it-IT\",\"potentialAction\":[{\"@type\":\"ReadAction\",\"target\":[\"https:\/\/www.collmon.it\/?product=bindan-fl-d3\"]}]},{\"@type\":\"BreadcrumbList\",\"@id\":\"https:\/\/www.collmon.it\/?product=bindan-fl-d3#breadcrumb\",\"itemListElement\":[{\"@type\":\"ListItem\",\"position\":1,\"item\":{\"@type\":\"WebPage\",\"@id\":\"https:\/\/www.collmon.it\/\",\"url\":\"https:\/\/www.collmon.it\/\",\"name\":\"Home\"}},{\"@type\":\"ListItem\",\"position\":2,\"item\":{\"@type\":\"WebPage\",\"@id\":\"https:\/\/www.collmon.it\/?page_id=205\",\"url\":\"https:\/\/www.collmon.it\/?page_id=205\",\"name\":\"Shop\"}},{\"@type\":\"ListItem\",\"position\":3,\"item\":{\"@type\":\"WebPage\",\"@id\":\"https:\/\/www.collmon.it\/?product=bindan-fl-d3\",\"url\":\"https:\/\/www.collmon.it\/?product=bindan-fl-d3\",\"name\":\"BINDAN-FL D3\"}}]}]}<\/script>\n<!-- \/ Yoast SEO plugin. -->","_links":{"self":[{"href":"https:\/\/www.collmon.it\/index.php?rest_route=\/wp\/v2\/product\/634"}],"collection":[{"href":"https:\/\/www.collmon.it\/index.php?rest_route=\/wp\/v2\/product"}],"about":[{"href":"https:\/\/www.collmon.it\/index.php?rest_route=\/wp\/v2\/types\/product"}],"wp:featuredmedia":[{"embeddable":true,"href":"https:\/\/www.collmon.it\/index.php?rest_route=\/wp\/v2\/media\/1909"}],"wp:attachment":[{"href":"https:\/\/www.collmon.it\/index.php?rest_route=%2Fwp%2Fv2%2Fmedia&parent=634"}],"curies":[{"name":"wp","href":"https:\/\/api.w.org\/{rel}","templated":true}]}}